{"id":736,"date":"2024-04-17T16:02:09","date_gmt":"2024-04-17T08:02:09","guid":{"rendered":"http:\/\/www.csw-vn.cn\/?page_id=736"},"modified":"2026-02-05T14:18:19","modified_gmt":"2026-02-05T06:18:19","slug":"contact","status":"publish","type":"page","link":"http:\/\/www.csw-vn.cn\/vi\/contact","title":{"rendered":"li\u00ean h\u1ec7 ch\u00fang t\u00f4i"},"content":{"rendered":"<section class=\"wp-block-themepark-block-themepark-area block_layout thempark-block undefined bom30 top30\" id=\"\" style=\"padding-top:200px;height:450px;box-sizing: border-box;width: 100%;\" data-swiper-parallax=\"-700\"><div class=\"block_layout_in\" style=\"\">\n<div class=\"wp-block-column block_layout_in\">\n<h1 class=\"wp-block-heading has-white-color has-text-color has-bonkers-font-size\">li\u00ean h\u1ec7 ch\u00fang t\u00f4i<\/h1>\n\n\n\n<p class=\"has-white-color has-text-color\">L\u00e0m \u0111\u1ea1i l\u00fd v\u00e0 gi\u1eef t\u00e0i kho\u1ea3n<\/p>\n\n\n\n<p class=\"has-monte-white-color has-text-color has-normal-font-size\"><strong>Gi\u00fap b\u1ea1n v\u01b0\u1ee3t qua th\u00e0nh c\u00f4ng ch\u1ee9ng nh\u1eadn ki\u1ec3m tra nh\u00e0 m\u00e1y v\u00e0 nhanh ch\u00f3ng nh\u1eadn \u0111\u01b0\u1ee3c ch\u1ee9ng ch\u1ec9 b\u00e1o c\u00e1o<\/strong><\/p>\n<\/div>\n<\/div><div class=\"layout_badh\"><div class=\"shizhezhao\" style=\"opacity:0.88;background-color:;\"><\/div><div class=\"PcOnly themepark-block_layout_ba lazyload swiper-lazy\" style=\"\" data-background=\"http:\/\/www.csw-vn.cn\/wp-content\/uploads\/2026\/02\/\u5185\u98753.jpg\"><\/div><div class=\"MovePnly themepark-block_layout_ba lazyload swiper-move-lazy\" style=\"\" data-background=\"http:\/\/www.csw-vn.cn\/wp-content\/uploads\/2024\/04\/2bfb694edb270c252d02b966341ed11.jpg\"><\/div><\/div><\/section>\n\n\n\n<div class=\"wp-block-themepark-block-themepark-slidearea themepark-slidearea dsxw swiper-slide oh undefined maxs\" style=\"background-color:#ffffff;background-position:center;\" data-background=\"\" data-title=\"\u8054\u7cfb\" data-head=\"nomarl\" data-scalemove=\"1\"><div class=\"swiper-slide_in_box\" style=\"padding-top:3%;max-width:1440px;\" data-swiper-parallax-y=\"0\" data-swiper-parallax-opacity=\"0\" data-swiper-parallax-duration=\"1800\"><div class=\"inbox\">\n<div class=\"wp-block-column\">\n<div class=\"wp-block-themepark-block-themepark-wright content-super-p\" style=\"font-size:18px;line-height:34px;color:#ffffff;padding:10px 10px;\">\n<div class=\"wp-block-column\">\n<p class=\"has-black-color has-text-color has-link-color wp-elements-252370d5549edd02f5f9c85f841492d1\"><strong>C\u00f4ng ty TNHH D\u1ecbch v\u1ee5 K\u1ef9 thu\u1eadt Qu\u1ea3n l\u00fd Ch\u1ea5t l\u01b0\u1ee3ng Chu\u1ed7i Cung \u1ee9ng Chuangsi (Vi\u1ec7t Nam)<\/strong><\/p>\n\n\n\n<p class=\"has-black-color has-text-color has-link-color wp-elements-c22559aae5f4632d258c1f665b283bdd\"><strong>C\u00f4ng ty TNHH D\u1ecbch v\u1ee5 K\u1ef9 thu\u1eadt Qu\u1ea3n l\u00fd Ch\u1ea5t l\u01b0\u1ee3ng Chu\u1ed7i Cung \u1ee9ng CSW (Vi\u1ec7t Nam)<\/strong><\/p>\n\n\n\n<p class=\"has-black-color has-text-color has-link-color wp-elements-fbb9145208fdf1a2694ad923a598a93a\">C\u00f4ng ty TNHH D\u1ecbch v\u1ee5 k\u1ef9 thu\u1eadt qu\u1ea3n l\u00fd ch\u1ea5t l\u01b0\u1ee3ng chu\u1ed7i cung \u1ee9ng CSW (Vi\u1ec7t Nam)<br><strong>\u0110\u1ecba ch\u1ec9:<\/strong>\u8d8a\u5357, \u5317\u5b81\u5e02, \u4eac\u5317\u574a, \u9ec4\u6587\u6388\u8def ,166\u53f7\uff08S\u1ed1 166 Ho\u00e0ng V\u0103n Th\u1ee5, Ph\u01b0\u1eddng Kinh B\u1eafc, Th\u00e0nh ph\u1ed1 B\u1eafc Ninh, T\u1ec9nh B\u1eafc Ninh, Vi\u1ec7t Nam\uff09<br><strong>t\u01b0 v\u1ea5n k\u1ef9 thu\u1eadt: <\/strong>0867137388 (Navy Zhang Teacher Zhang, H\u00e0 N\u1ed9i, Vi\u1ec7t Nam, 13713888282 Th\u00e2m Quy\u1ebfn, Trung Qu\u1ed1c)<br><strong>e-mail: <\/strong>zhj@sz-csw.com&nbsp;<\/p>\n\n\n\n<h2 class=\"wp-block-heading has-text-align-center has-black-color has-text-color has-bonkers-font-size\"><\/h2>\n\n\n\n<p class=\"has-text-align-center has-black-color has-text-color has-link-color wp-elements-31ef8a46bf82daa30dab4b6adf99fd54\"><\/p>\n\n\n\n<p><\/p>\n\n\n\n<p class=\"has-text-align-center has-black-color has-text-color has-link-color wp-elements-84256b55b5110f5f8f324d0efc95d931\"><br><\/p>\n<\/div>\n<\/div>\n<\/div>\n<\/div><\/div><\/div>\n\n\n\n<section class=\"wp-block-themepark-block-themepark-area block_layout thempark-block undefined\" id=\"\" style=\"padding-bottom:42px;padding-top:29px;\" data-swiper-parallax=\"-700\"><div class=\"block_layout_in\" style=\"\"><div class=\"post_in_list_head modle_title2\"><h3><span style=\"color:#dc2020;font-size:26px;\" class=\"main-title\">\u0110\u1eb7t l\u1ecbch h\u1eb9n tr\u1ef1c tuy\u1ebfn<\/span><span style=\"color:#e21f2f;font-size:26px;\" class=\"as-title\">T\u1eadn h\u01b0\u1edfng \u0111\u1eb7c quy\u1ec1n m\u1eb7c qu\u1ea7n \u00e1o \u0111\u1ed9c quy\u1ec1n<\/span><\/h3><div class=\"title_boout\"><div class=\"title_bo\" style=\"border-bottom:1px solid #040404;\"><\/div><\/div><font class=\"titletext\" style=\"color:#040404;font-size:14px;\"><span>14589 kh\u00e1ch h\u00e0ng \u0111\u00e3 \u0111\u1eb7t ch\u1ed7 \u0111\u1ec3 \u0111\u01b0\u1ee3c b\u00e1o gi\u00e1 tr\u1ef1c ti\u1ebfp mi\u1ec5n ph\u00ed<\/span><\/font><\/div>\n<div class=\"wp-block-column block_layout_in\">\n<div class=\"wp-block-themepark-block-themepark-comment thempark-block themepark-comment undefined\" style=\"background-color:#0071a1;\"><div class=\"themepark-comment_in\" id=\"\"><div class=\"themepark-comment_inb2\"><div class=\"themepark-comment_inb\" style=\"background-color:#ffffff;\"><div class=\"themepark-comment_img\" style=\"width:51%\"><img decoding=\"async\" class=\"lazyload swiper-lazy  swiper-move-lazy\" src=\"http:\/\/www.csw-vn.cn\/wp-content\/themes\/smartenterprise\/images\/loading-commet.png\" data-src=\"http:\/\/www.csw-vn.cn\/wp-content\/uploads\/2024\/04\/a938c59fd8a1e318bcd1c3959eb9383.jpg\" alt=\"\u0110\u1eb7t b\u00e1o gi\u00e1 mi\u1ec5n ph\u00ed ngay b\u00e2y gi\u1edd!\"\/><\/div><div class=\"themepark-comment_form nolable\" style=\"width:44%\"><div class=\"fromtts\" style=\"\"><span class=\"fromtt\" style=\"font-size:21px;color:#e21f2f;\">\u0110\u1eb7t b\u00e1o gi\u00e1 mi\u1ec5n ph\u00ed ngay b\u00e2y gi\u1edd!<\/span><\/div><form id=\"commentform-park\" class=\"themepark-c-f\" action=\"http:\/\/www.csw-vn.cn\/wp-comments-post.php\" method=\"post\" autocomplete=\"off\" data-trp-original-action=\"http:\/\/www.csw-vn.cn\/wp-comments-post.php\"><div class=\"themepark-comment_form_box tptext\" style=\"font-size:13px;\"><lable for=\"tpcommet0\" class=\"required\"><input type=\"text\" id=\"tpcommet0\" name=\"tpcommet0\" size=\"28\" required style=\"color:#b27630;border: solid 1px #b27630;background-color: #ffffff;\" placeholder=\"T\u00ean Li\u00ean l\u1ea1c\"\/><span class=\"required\">*<div class=\"required_tishi animated\"><i class=\"fas fa-exclamation-circle\"><\/i><span><\/span><\/div><\/span><\/lable><\/div><div class=\"themepark-comment_form_box tptext\" style=\"font-size:13px;\"><lable for=\"tpcommet1\" class=\"required\"><input type=\"text\" id=\"tpcommet1\" name=\"tpcommet1\" size=\"28\" required style=\"color:#b27630;border: solid 1px #b27630;background-color: #ffffff;\" placeholder=\"s\u1ed1 li\u00ean l\u1ea1c\"\/><span class=\"required\">*<div class=\"required_tishi animated\"><i class=\"fas fa-exclamation-circle\"><\/i><span><\/span><\/div><\/span><\/lable><\/div><div class=\"themepark-comment_form_box tptext\" style=\"font-size:13px;\"><lable for=\"tpcommet2\" class=\"required\"><input type=\"text\" id=\"tpcommet2\" name=\"tpcommet2\" size=\"28\" required style=\"color:#b27630;border: solid 1px #b27630;background-color: #ffffff;\" placeholder=\"D\u1ef1 \u00e1n ki\u1ec3m tra v\u00e0 ch\u1ee9ng nh\u1eadn nh\u00e0 m\u00e1y\"\/><span class=\"required\">*<div class=\"required_tishi animated\"><i class=\"fas fa-exclamation-circle\"><\/i><span><\/span><\/div><\/span><\/lable><\/div><div class=\"hiddeninput\"><input name=\"comment_post_ID\" type=\"hidden\" value=\"736\"\/><input name=\"author\" type=\"hidden\" class=\"author\"\/><input name=\"email\" type=\"hidden\" class=\"email\"\/><textarea name=\"comment\" style=\"display:none\" class=\"comment\"><\/textarea><input name=\"themeparklable\" type=\"hidden\" value=\"\u8054\u7cfb\u59d3\u540d|\u8054\u7cfb\u7535\u8bdd|\u9a8c\u5382\u8ba4\u8bc1\u9879\u76ee\"\/><input name=\"themeparktype\" type=\"hidden\" value=\"text|text|text\"\/><input name=\"redirect_to\" type=\"hidden\" value=\"http:\/\/www.csw-vn.cn\"\/><input name=\"inquiryid\" type=\"hidden\"\/><input name=\"inquirytime\" type=\"hidden\"\/><input name=\"position\" type=\"hidden\"\/><\/div><div class=\"submut_box\"><input type=\"submit\" class=\"submut_btn\" name=\"submit\" style=\"background:#e21f2f;\" value=\"T\u01b0 v\u1ea5n ngay\"\/><div class=\"tishi\" style=\"color:#f29900;\"><div class=\"loading\" style=\"color:#b27630;\"><i class=\"fas fa-spinner\"><\/i>\u0111ang g\u1eedi!<\/div><div class=\"success\" style=\"color:#b27630;\"><i class=\"fas fa-check\"><\/i>G\u1eedi th\u00e0nh c\u00f4ng!<\/div><div class=\"erro\" style=\"color:#b27630;\"><i class=\"fas fa-exclamation-circle\"><\/i>G\u1eedi kh\u00f4ng th\u00e0nh c\u00f4ng, b\u1ea3n demo hi\u1ec7n t\u1ea1i kh\u00f4ng h\u1ed7 tr\u1ee3 g\u1eedi tin nh\u1eafn!<\/div><div class=\"e-email\">Email b\u1ecb l\u1ed7i!<\/div><div class=\"e-tel\">G\u1ecdi nh\u1ea7m!<\/div><\/div><\/div><input type=\"hidden\" name=\"trp-form-language\" value=\"vi\"\/><\/form><\/div><div class=\"wp_clear\"><\/div><\/div><div class=\"themepark-comment_in_b\" style=\"opacity:1;background-color:#666666;0\"><\/div><\/div><\/div><div class=\"wp_clear\"><\/div><\/div>\n<\/div>\n<\/div><div class=\"layout_badh\"><\/div><\/section>","protected":false},"excerpt":{"rendered":"","protected":false},"author":1,"featured_media":0,"parent":0,"menu_order":0,"comment_status":"open","ping_status":"closed","template":"","meta":{"themepark_post_bcolor":"#f5f5f5","themepark_post_width":"100%","themepark_post_img":"","themepark_post_img_po":"left","themepark_post_img_re":false,"themepark_post_img_cover":false,"themepark_post_img_fixed":false,"themepark_post_hide_title":true,"themepark_post_main_b":"","themepark_post_main_p":100,"themepark_paddingblock":true,"footnotes":""},"class_list":["post-736","page","type-page","status-publish","hentry"],"_links":{"self":[{"href":"http:\/\/www.csw-vn.cn\/vi\/wp-json\/wp\/v2\/pages\/736","targetHints":{"allow":["GET"]}}],"collection":[{"href":"http:\/\/www.csw-vn.cn\/vi\/wp-json\/wp\/v2\/pages"}],"about":[{"href":"http:\/\/www.csw-vn.cn\/vi\/wp-json\/wp\/v2\/types\/page"}],"author":[{"embeddable":true,"href":"http:\/\/www.csw-vn.cn\/vi\/wp-json\/wp\/v2\/users\/1"}],"replies":[{"embeddable":true,"href":"http:\/\/www.csw-vn.cn\/vi\/wp-json\/wp\/v2\/comments?post=736"}],"version-history":[{"count":63,"href":"http:\/\/www.csw-vn.cn\/vi\/wp-json\/wp\/v2\/pages\/736\/revisions"}],"predecessor-version":[{"id":4064,"href":"http:\/\/www.csw-vn.cn\/vi\/wp-json\/wp\/v2\/pages\/736\/revisions\/4064"}],"wp:attachment":[{"href":"http:\/\/www.csw-vn.cn\/vi\/wp-json\/wp\/v2\/media?parent=736"}],"curies":[{"name":"wp","href":"https:\/\/api.w.org\/{rel}","templated":true}]}}